{"id":4176,"date":"2024-09-11T00:05:46","date_gmt":"2024-09-11T05:05:46","guid":{"rendered":"https:\/\/scsolutionsinc.com\/actualizaciones-de-la-industria\/"},"modified":"2025-02-10T14:14:17","modified_gmt":"2025-02-10T19:14:17","slug":"actualizaciones-de-la-industria","status":"publish","type":"page","link":"https:\/\/scsolutionsinc.com\/es\/actualizaciones-de-la-industria\/","title":{"rendered":"Actualizaciones de la industria"},"content":{"rendered":"<h1>Actualizaciones de la industria<\/h1>\n<p>Mantente informado de los \u00faltimos acontecimientos del sector.<\/p>\n<p>\t\t\t\t\t\t\t\t\t\t\t\t\t\t\t<img fetchpriority=\"high\" decoding=\"async\" width=\"392\" height=\"392\" src=\"https:\/\/scsolutionsinc.com\/wp-content\/uploads\/2024\/09\/Ellipse-4-v3.png\" alt=\"\" srcset=\"https:\/\/scsolutionsinc.com\/wp-content\/uploads\/2024\/09\/Ellipse-4-v3.png 392w, https:\/\/scsolutionsinc.com\/wp-content\/uploads\/2024\/09\/Ellipse-4-v3-300x300.png 300w, https:\/\/scsolutionsinc.com\/wp-content\/uploads\/2024\/09\/Ellipse-4-v3-150x150.png 150w\" sizes=\"(max-width: 392px) 100vw, 392px\" \/><br \/>\n\t\t\t\t\t\t\t\t\t\t\t\t\t\t\t<img decoding=\"async\" width=\"1239\" height=\"1239\" src=\"https:\/\/scsolutionsinc.com\/wp-content\/uploads\/2024\/09\/template-header-photo-option-2_3x.webp\" alt=\"Photo of a container terminal\" srcset=\"https:\/\/scsolutionsinc.com\/wp-content\/uploads\/2024\/09\/template-header-photo-option-2_3x.webp 1239w, https:\/\/scsolutionsinc.com\/wp-content\/uploads\/2024\/09\/template-header-photo-option-2_3x-300x300.webp 300w, https:\/\/scsolutionsinc.com\/wp-content\/uploads\/2024\/09\/template-header-photo-option-2_3x-1024x1024.webp 1024w, https:\/\/scsolutionsinc.com\/wp-content\/uploads\/2024\/09\/template-header-photo-option-2_3x-150x150.webp 150w, https:\/\/scsolutionsinc.com\/wp-content\/uploads\/2024\/09\/template-header-photo-option-2_3x-768x768.webp 768w\" sizes=\"(max-width: 1239px) 100vw, 1239px\" \/>\t\t\t\t\t\t\t\t\t\t\t\t\t\t\t<\/p>\n<h2><a href=\"https:\/\/scsolutionsinc.com\/cpsc-launches-efilling-for-product-compliance\/\" target=\"_blank\">La CPSC lanza eFiling para el cumplimiento de la normativa sobre productos<\/a><\/h2>\n<p>A partir de 2025, la CPSC exigir\u00e1 la presentaci\u00f3n electr\u00f3nica de los certificados de conformidad, lo que agilizar\u00e1 el proceso de conformidad de los productos.<\/p>\n<h2>26 de noviembre de 2024<\/h2>\n<h2><a href=\"https:\/\/scsolutionsinc.com\/scs-weekly-rundown-september-10th-2024\/\" target=\"_blank\">SCS Resumen Semanal | 10 de septiembre de 2024<\/a><\/h2>\n<h2>9 de septiembre de 2024<\/h2>\n<h2><a href=\"https:\/\/scsolutionsinc.com\/scs-weekly-rundown-september-4th-2024\/\" target=\"_blank\">SCS Resumen Semanal | 4 de septiembre de 2024<\/a><\/h2>\n<h2>3 de septiembre de 2024<\/h2>\n<h2><a href=\"https:\/\/scsolutionsinc.com\/scs-weekly-rundown-august-27th-2024\/\" target=\"_blank\">SCS Resumen Semanal | 27 de agosto de 2024<\/a><\/h2>\n<h2>26 de agosto de 2024<\/h2>\n<h2><a href=\"https:\/\/scsolutionsinc.com\/scs-weekly-rundown-august-20th-2024\/\" target=\"_blank\">SCS Resumen Semanal | 20 de agosto de 2024<\/a><\/h2>\n<h2>19 de agosto de 2024<\/h2>\n<h2><a href=\"https:\/\/scsolutionsinc.com\/scs-weekly-rundown-august-13th-2024\/\" target=\"_blank\">SCS Resumen Semanal | 13 de agosto de 2024<\/a><\/h2>\n<h2>12 de agosto de 2024<\/h2>\n<h2><a href=\"https:\/\/scsolutionsinc.com\/scs-weekly-rundown-august-6th-2024\/\" target=\"_blank\">SCS Resumen Semanal | 6 de agosto de 2024<\/a><\/h2>\n<h2>5 de agosto de 2024<\/h2>\n<h2><a href=\"https:\/\/scsolutionsinc.com\/scs-weekly-rundown-july-30th-2024\/\" target=\"_blank\">SCS Resumen Semanal | 30 de julio de 2024<\/a><\/h2>\n<h2>29 de julio de 2024<\/h2>\n<h2><a href=\"https:\/\/scsolutionsinc.com\/scs-weekly-rundown-july-16th-2024\/\" target=\"_blank\">SCS Resumen Semanal | 16 de julio de 2024<\/a><\/h2>\n<h2>16 de julio de 2024<\/h2>\n<h2><a href=\"https:\/\/scsolutionsinc.com\/the-strategic-advantages-of-outsourcing-supply-chain-management\/\" target=\"_blank\">Las ventajas estrat\u00e9gicas de externalizar la gesti\u00f3n de la cadena de suministro<\/a><\/h2>\n<h2>12 de julio de 2024<\/h2>\n<h2><a href=\"https:\/\/scsolutionsinc.com\/scs-weekly-rundown-july-9th-2024\/\" target=\"_blank\">SCS Resumen Semanal | 9 de julio de 2024<\/a><\/h2>\n<h2>8 de julio de 2024<\/h2>\n<h2>\u00bfNecesitas asesoramiento experto en log\u00edstica?<\/h2>\n<p>Optimicemos tu cadena de suministro para el crecimiento. Ponte en contacto con nuestros expertos hoy mismo. <\/p>\n<ul>\n<li>\n\t\t\t\t\t\t\t<svg xmlns=\"http:\/\/www.w3.org\/2000\/svg\" width=\"30\" height=\"24\" viewBox=\"0 0 30 24\" fill=\"none\"><path d=\"M26.25 0H3.75C2.75576 0.00106354 1.80256 0.396493 1.09952 1.09952C0.396493 1.80256 0.00106354 2.75576 0 3.75V19.8214C0.00106354 20.8157 0.396493 21.7689 1.09952 22.4719C1.80256 23.1749 2.75576 23.5704 3.75 23.5714H26.25C27.2442 23.5704 28.1974 23.1749 28.9005 22.4719C29.6035 21.7689 29.9989 20.8157 30 19.8214V3.75C29.9989 2.75576 29.6035 1.80256 28.9005 1.09952C28.1974 0.396493 27.2442 0.00106354 26.25 0ZM25.3004 6.2029L15.6576 13.7029C15.4696 13.8491 15.2382 13.9284 15 13.9284C14.7618 13.9284 14.5304 13.8491 14.3424 13.7029L4.69955 6.2029C4.58626 6.11734 4.4911 6.01012 4.4196 5.88747C4.3481 5.76482 4.30169 5.62918 4.28307 5.48843C4.26445 5.34769 4.27398 5.20465 4.31112 5.06762C4.34825 4.93059 4.41225 4.80231 4.4994 4.69023C4.58654 4.57815 4.69509 4.48451 4.81874 4.41475C4.94238 4.34498 5.07866 4.30049 5.21965 4.28384C5.36065 4.2672 5.50354 4.27875 5.64003 4.31781C5.77652 4.35687 5.90389 4.42267 6.01473 4.51138L15 11.4998L23.9853 4.51138C24.2099 4.34171 24.4924 4.26729 24.7715 4.30423C25.0506 4.34116 25.304 4.48647 25.4768 4.70874C25.6496 4.93101 25.728 5.21237 25.695 5.49198C25.662 5.77159 25.5203 6.02697 25.3004 6.2029Z\" fill=\"#435CC8\"><\/path><\/svg><br \/>\n\t\t\t\t\t\t\t\t\t\tcontact@scsolutionsinc.com 616.554.8900 ext. 101\n\t\t\t\t\t\t\t\t\t<\/li>\n<li>\n\t\t\t\t\t\t\t<svg xmlns=\"http:\/\/www.w3.org\/2000\/svg\" width=\"32\" height=\"17\" viewBox=\"0 0 32 17\" fill=\"none\"><path d=\"M21.8929 10.1072L27.7858 4.21429M14.3929 5.82144L18.6786 10.1072M4.21436 12.7857L11.1786 5.82144\" stroke=\"url(#paint0_linear_2531_363)\" stroke-width=\"2\" stroke-linecap=\"round\" stroke-linejoin=\"round\"><\/path><path d=\"M29.3928 4.21429C30.2804 4.21429 30.9999 3.49474 30.9999 2.60714C30.9999 1.71954 30.2804 1 29.3928 1C28.5052 1 27.7856 1.71954 27.7856 2.60714C27.7856 3.49474 28.5052 4.21429 29.3928 4.21429Z\" stroke=\"url(#paint1_linear_2531_363)\" stroke-width=\"2\" stroke-linecap=\"round\" stroke-linejoin=\"round\"><\/path><path d=\"M20.2859 13.3214C21.1735 13.3214 21.893 12.6019 21.893 11.7143C21.893 10.8267 21.1735 10.1071 20.2859 10.1071C19.3983 10.1071 18.6787 10.8267 18.6787 11.7143C18.6787 12.6019 19.3983 13.3214 20.2859 13.3214Z\" stroke=\"url(#paint2_linear_2531_363)\" stroke-width=\"2\" stroke-linecap=\"round\" stroke-linejoin=\"round\"><\/path><path d=\"M12.7859 5.82143C13.6735 5.82143 14.393 5.10189 14.393 4.21429C14.393 3.32669 13.6735 2.60715 12.7859 2.60715C11.8983 2.60715 11.1787 3.32669 11.1787 4.21429C11.1787 5.10189 11.8983 5.82143 12.7859 5.82143Z\" stroke=\"url(#paint3_linear_2531_363)\" stroke-width=\"2\" stroke-linecap=\"round\" stroke-linejoin=\"round\"><\/path><path d=\"M2.60714 16C3.49474 16 4.21429 15.2804 4.21429 14.3928C4.21429 13.5052 3.49474 12.7857 2.60714 12.7857C1.71954 12.7857 1 13.5052 1 14.3928C1 15.2804 1.71954 16 2.60714 16Z\" stroke=\"url(#paint4_linear_2531_363)\" stroke-width=\"2\" stroke-linecap=\"round\" stroke-linejoin=\"round\"><\/path><defs><linearGradient id=\"paint0_linear_2531_363\" x1=\"16.0001\" y1=\"4.21429\" x2=\"16.0001\" y2=\"12.7857\" gradientUnits=\"userSpaceOnUse\"><stop stop-color=\"#435CC8\"><\/stop><stop offset=\"1\" stop-color=\"#30418E\"><\/stop><\/linearGradient><linearGradient id=\"paint1_linear_2531_363\" x1=\"29.3928\" y1=\"1\" x2=\"29.3928\" y2=\"4.21429\" gradientUnits=\"userSpaceOnUse\"><stop stop-color=\"#435CC8\"><\/stop><stop offset=\"1\" stop-color=\"#30418E\"><\/stop><\/linearGradient><linearGradient id=\"paint2_linear_2531_363\" x1=\"20.2859\" y1=\"10.1071\" x2=\"20.2859\" y2=\"13.3214\" gradientUnits=\"userSpaceOnUse\"><stop stop-color=\"#435CC8\"><\/stop><stop offset=\"1\" stop-color=\"#30418E\"><\/stop><\/linearGradient><linearGradient id=\"paint3_linear_2531_363\" x1=\"12.7859\" y1=\"2.60715\" x2=\"12.7859\" y2=\"5.82143\" gradientUnits=\"userSpaceOnUse\"><stop stop-color=\"#435CC8\"><\/stop><stop offset=\"1\" stop-color=\"#30418E\"><\/stop><\/linearGradient><linearGradient id=\"paint4_linear_2531_363\" x1=\"2.60714\" y1=\"12.7857\" x2=\"2.60714\" y2=\"16\" gradientUnits=\"userSpaceOnUse\"><stop stop-color=\"#435CC8\"><\/stop><stop offset=\"1\" stop-color=\"#30418E\"><\/stop><\/linearGradient><\/defs><\/svg><br \/>\n\t\t\t\t\t\t\t\t\t\t<b>Seguimiento de env\u00edos<\/b> tms@scsolutionsinc.com\n\t\t\t\t\t\t\t\t\t<\/li>\n<\/ul>\n","protected":false},"excerpt":{"rendered":"<p>Actualizaciones de la industria Mantente informado de los \u00faltimos acontecimientos del sector. La CPSC lanza eFiling para el cumplimiento de la normativa sobre productos A partir de 2025, la CPSC exigir\u00e1 la presentaci\u00f3n electr\u00f3nica de los certificados de conformidad, lo que agilizar\u00e1 el proceso de conformidad de los productos. 26 de noviembre de 2024 SCS [&hellip;]<\/p>\n","protected":false},"author":5,"featured_media":0,"parent":0,"menu_order":0,"comment_status":"closed","ping_status":"closed","template":"","meta":{"content-type":"","_uf_show_specific_survey":0,"_uf_disable_surveys":false,"footnotes":""},"class_list":["post-4176","page","type-page","status-publish","hentry"],"yoast_head":"<!-- This site is optimized with the Yoast SEO Premium plugin v25.5 (Yoast SEO v27.4) - https:\/\/yoast.com\/product\/yoast-seo-premium-wordpress\/ -->\n<title>Actualizaciones del sector | Soluciones para la cadena de suministro<\/title>\n<meta name=\"description\" content=\"Obt\u00e9n las \u00faltimas actualizaciones del sector con SCS Weekly Rundown. Mantente informado sobre tendencias, perspectivas y consejos estrat\u00e9gicos en la gesti\u00f3n de la cadena de suministro.\" \/>\n<meta name=\"robots\" content=\"index, follow, max-snippet:-1, max-image-preview:large, max-video-preview:-1\" \/>\n<link rel=\"canonical\" href=\"https:\/\/scsolutionsinc.com\/es\/actualizaciones-de-la-industria\/\" \/>\n<meta property=\"og:locale\" content=\"es_ES\" \/>\n<meta property=\"og:type\" content=\"article\" \/>\n<meta property=\"og:title\" content=\"Actualizaciones de la industria\" \/>\n<meta property=\"og:description\" content=\"Obt\u00e9n las \u00faltimas actualizaciones del sector con SCS Weekly Rundown. Mantente informado sobre tendencias, perspectivas y consejos estrat\u00e9gicos en la gesti\u00f3n de la cadena de suministro.\" \/>\n<meta property=\"og:url\" content=\"https:\/\/scsolutionsinc.com\/es\/actualizaciones-de-la-industria\/\" \/>\n<meta property=\"og:site_name\" content=\"Supply Chain Solutions\" \/>\n<meta property=\"article:modified_time\" content=\"2025-02-10T19:14:17+00:00\" \/>\n<meta property=\"og:image\" content=\"https:\/\/scsolutionsinc.com\/wp-content\/uploads\/2024\/09\/Ellipse-4-v3.png\" \/>\n<meta name=\"twitter:card\" content=\"summary_large_image\" \/>\n<meta name=\"twitter:label1\" content=\"Tiempo de lectura\" \/>\n\t<meta name=\"twitter:data1\" content=\"1 minuto\" \/>\n<script type=\"application\/ld+json\" class=\"yoast-schema-graph\">{\"@context\":\"https:\\\/\\\/schema.org\",\"@graph\":[{\"@type\":\"WebPage\",\"@id\":\"https:\\\/\\\/scsolutionsinc.com\\\/es\\\/actualizaciones-de-la-industria\\\/\",\"url\":\"https:\\\/\\\/scsolutionsinc.com\\\/es\\\/actualizaciones-de-la-industria\\\/\",\"name\":\"Actualizaciones del sector | Soluciones para la cadena de suministro\",\"isPartOf\":{\"@id\":\"https:\\\/\\\/scsolutionsinc.com\\\/es\\\/#website\"},\"primaryImageOfPage\":{\"@id\":\"https:\\\/\\\/scsolutionsinc.com\\\/es\\\/actualizaciones-de-la-industria\\\/#primaryimage\"},\"image\":{\"@id\":\"https:\\\/\\\/scsolutionsinc.com\\\/es\\\/actualizaciones-de-la-industria\\\/#primaryimage\"},\"thumbnailUrl\":\"https:\\\/\\\/scsolutionsinc.com\\\/wp-content\\\/uploads\\\/2024\\\/09\\\/Ellipse-4-v3.png\",\"datePublished\":\"2024-09-11T05:05:46+00:00\",\"dateModified\":\"2025-02-10T19:14:17+00:00\",\"description\":\"Obt\u00e9n las \u00faltimas actualizaciones del sector con SCS Weekly Rundown. Mantente informado sobre tendencias, perspectivas y consejos estrat\u00e9gicos en la gesti\u00f3n de la cadena de suministro.\",\"breadcrumb\":{\"@id\":\"https:\\\/\\\/scsolutionsinc.com\\\/es\\\/actualizaciones-de-la-industria\\\/#breadcrumb\"},\"inLanguage\":\"es\",\"potentialAction\":[{\"@type\":\"ReadAction\",\"target\":[\"https:\\\/\\\/scsolutionsinc.com\\\/es\\\/actualizaciones-de-la-industria\\\/\"]}]},{\"@type\":\"ImageObject\",\"inLanguage\":\"es\",\"@id\":\"https:\\\/\\\/scsolutionsinc.com\\\/es\\\/actualizaciones-de-la-industria\\\/#primaryimage\",\"url\":\"https:\\\/\\\/scsolutionsinc.com\\\/wp-content\\\/uploads\\\/2024\\\/09\\\/Ellipse-4-v3.png\",\"contentUrl\":\"https:\\\/\\\/scsolutionsinc.com\\\/wp-content\\\/uploads\\\/2024\\\/09\\\/Ellipse-4-v3.png\"},{\"@type\":\"BreadcrumbList\",\"@id\":\"https:\\\/\\\/scsolutionsinc.com\\\/es\\\/actualizaciones-de-la-industria\\\/#breadcrumb\",\"itemListElement\":[{\"@type\":\"ListItem\",\"position\":1,\"name\":\"Home\",\"item\":\"https:\\\/\\\/scsolutionsinc.com\\\/es\\\/\"},{\"@type\":\"ListItem\",\"position\":2,\"name\":\"Actualizaciones de la industria\"}]},{\"@type\":\"WebSite\",\"@id\":\"https:\\\/\\\/scsolutionsinc.com\\\/es\\\/#website\",\"url\":\"https:\\\/\\\/scsolutionsinc.com\\\/es\\\/\",\"name\":\"scsolutionsinc.com\",\"description\":\"\",\"publisher\":{\"@id\":\"https:\\\/\\\/scsolutionsinc.com\\\/es\\\/#organization\"},\"potentialAction\":[{\"@type\":\"SearchAction\",\"target\":{\"@type\":\"EntryPoint\",\"urlTemplate\":\"https:\\\/\\\/scsolutionsinc.com\\\/es\\\/?s={search_term_string}\"},\"query-input\":{\"@type\":\"PropertyValueSpecification\",\"valueRequired\":true,\"valueName\":\"search_term_string\"}}],\"inLanguage\":\"es\"},{\"@type\":\"Organization\",\"@id\":\"https:\\\/\\\/scsolutionsinc.com\\\/es\\\/#organization\",\"name\":\"Supply Chain Solutions LLC\",\"url\":\"https:\\\/\\\/scsolutionsinc.com\\\/es\\\/\",\"logo\":{\"@type\":\"ImageObject\",\"inLanguage\":\"es\",\"@id\":\"https:\\\/\\\/scsolutionsinc.com\\\/es\\\/#\\\/schema\\\/logo\\\/image\\\/\",\"url\":\"https:\\\/\\\/scsolutionsinc.com\\\/wp-content\\\/uploads\\\/2024\\\/08\\\/ALTO-Home-buyers-350x93-1-1-1-e1725081833395.webp\",\"contentUrl\":\"https:\\\/\\\/scsolutionsinc.com\\\/wp-content\\\/uploads\\\/2024\\\/08\\\/ALTO-Home-buyers-350x93-1-1-1-e1725081833395.webp\",\"width\":510,\"height\":112,\"caption\":\"Supply Chain Solutions LLC\"},\"image\":{\"@id\":\"https:\\\/\\\/scsolutionsinc.com\\\/es\\\/#\\\/schema\\\/logo\\\/image\\\/\"},\"sameAs\":[\"https:\\\/\\\/www.linkedin.com\\\/company\\\/scsolutionsinc\"]}]}<\/script>\n<!-- \/ Yoast SEO Premium plugin. -->","yoast_head_json":{"title":"Actualizaciones del sector | Soluciones para la cadena de suministro","description":"Obt\u00e9n las \u00faltimas actualizaciones del sector con SCS Weekly Rundown. Mantente informado sobre tendencias, perspectivas y consejos estrat\u00e9gicos en la gesti\u00f3n de la cadena de suministro.","robots":{"index":"index","follow":"follow","max-snippet":"max-snippet:-1","max-image-preview":"max-image-preview:large","max-video-preview":"max-video-preview:-1"},"canonical":"https:\/\/scsolutionsinc.com\/es\/actualizaciones-de-la-industria\/","og_locale":"es_ES","og_type":"article","og_title":"Actualizaciones de la industria","og_description":"Obt\u00e9n las \u00faltimas actualizaciones del sector con SCS Weekly Rundown. Mantente informado sobre tendencias, perspectivas y consejos estrat\u00e9gicos en la gesti\u00f3n de la cadena de suministro.","og_url":"https:\/\/scsolutionsinc.com\/es\/actualizaciones-de-la-industria\/","og_site_name":"Supply Chain Solutions","article_modified_time":"2025-02-10T19:14:17+00:00","og_image":[{"url":"https:\/\/scsolutionsinc.com\/wp-content\/uploads\/2024\/09\/Ellipse-4-v3.png","type":"","width":"","height":""}],"twitter_card":"summary_large_image","twitter_misc":{"Tiempo de lectura":"1 minuto"},"schema":{"@context":"https:\/\/schema.org","@graph":[{"@type":"WebPage","@id":"https:\/\/scsolutionsinc.com\/es\/actualizaciones-de-la-industria\/","url":"https:\/\/scsolutionsinc.com\/es\/actualizaciones-de-la-industria\/","name":"Actualizaciones del sector | Soluciones para la cadena de suministro","isPartOf":{"@id":"https:\/\/scsolutionsinc.com\/es\/#website"},"primaryImageOfPage":{"@id":"https:\/\/scsolutionsinc.com\/es\/actualizaciones-de-la-industria\/#primaryimage"},"image":{"@id":"https:\/\/scsolutionsinc.com\/es\/actualizaciones-de-la-industria\/#primaryimage"},"thumbnailUrl":"https:\/\/scsolutionsinc.com\/wp-content\/uploads\/2024\/09\/Ellipse-4-v3.png","datePublished":"2024-09-11T05:05:46+00:00","dateModified":"2025-02-10T19:14:17+00:00","description":"Obt\u00e9n las \u00faltimas actualizaciones del sector con SCS Weekly Rundown. Mantente informado sobre tendencias, perspectivas y consejos estrat\u00e9gicos en la gesti\u00f3n de la cadena de suministro.","breadcrumb":{"@id":"https:\/\/scsolutionsinc.com\/es\/actualizaciones-de-la-industria\/#breadcrumb"},"inLanguage":"es","potentialAction":[{"@type":"ReadAction","target":["https:\/\/scsolutionsinc.com\/es\/actualizaciones-de-la-industria\/"]}]},{"@type":"ImageObject","inLanguage":"es","@id":"https:\/\/scsolutionsinc.com\/es\/actualizaciones-de-la-industria\/#primaryimage","url":"https:\/\/scsolutionsinc.com\/wp-content\/uploads\/2024\/09\/Ellipse-4-v3.png","contentUrl":"https:\/\/scsolutionsinc.com\/wp-content\/uploads\/2024\/09\/Ellipse-4-v3.png"},{"@type":"BreadcrumbList","@id":"https:\/\/scsolutionsinc.com\/es\/actualizaciones-de-la-industria\/#breadcrumb","itemListElement":[{"@type":"ListItem","position":1,"name":"Home","item":"https:\/\/scsolutionsinc.com\/es\/"},{"@type":"ListItem","position":2,"name":"Actualizaciones de la industria"}]},{"@type":"WebSite","@id":"https:\/\/scsolutionsinc.com\/es\/#website","url":"https:\/\/scsolutionsinc.com\/es\/","name":"scsolutionsinc.com","description":"","publisher":{"@id":"https:\/\/scsolutionsinc.com\/es\/#organization"},"potentialAction":[{"@type":"SearchAction","target":{"@type":"EntryPoint","urlTemplate":"https:\/\/scsolutionsinc.com\/es\/?s={search_term_string}"},"query-input":{"@type":"PropertyValueSpecification","valueRequired":true,"valueName":"search_term_string"}}],"inLanguage":"es"},{"@type":"Organization","@id":"https:\/\/scsolutionsinc.com\/es\/#organization","name":"Supply Chain Solutions LLC","url":"https:\/\/scsolutionsinc.com\/es\/","logo":{"@type":"ImageObject","inLanguage":"es","@id":"https:\/\/scsolutionsinc.com\/es\/#\/schema\/logo\/image\/","url":"https:\/\/scsolutionsinc.com\/wp-content\/uploads\/2024\/08\/ALTO-Home-buyers-350x93-1-1-1-e1725081833395.webp","contentUrl":"https:\/\/scsolutionsinc.com\/wp-content\/uploads\/2024\/08\/ALTO-Home-buyers-350x93-1-1-1-e1725081833395.webp","width":510,"height":112,"caption":"Supply Chain Solutions LLC"},"image":{"@id":"https:\/\/scsolutionsinc.com\/es\/#\/schema\/logo\/image\/"},"sameAs":["https:\/\/www.linkedin.com\/company\/scsolutionsinc"]}]}},"_links":{"self":[{"href":"https:\/\/scsolutionsinc.com\/es\/wp-json\/wp\/v2\/pages\/4176","targetHints":{"allow":["GET"]}}],"collection":[{"href":"https:\/\/scsolutionsinc.com\/es\/wp-json\/wp\/v2\/pages"}],"about":[{"href":"https:\/\/scsolutionsinc.com\/es\/wp-json\/wp\/v2\/types\/page"}],"author":[{"embeddable":true,"href":"https:\/\/scsolutionsinc.com\/es\/wp-json\/wp\/v2\/users\/5"}],"replies":[{"embeddable":true,"href":"https:\/\/scsolutionsinc.com\/es\/wp-json\/wp\/v2\/comments?post=4176"}],"version-history":[{"count":2,"href":"https:\/\/scsolutionsinc.com\/es\/wp-json\/wp\/v2\/pages\/4176\/revisions"}],"predecessor-version":[{"id":4180,"href":"https:\/\/scsolutionsinc.com\/es\/wp-json\/wp\/v2\/pages\/4176\/revisions\/4180"}],"wp:attachment":[{"href":"https:\/\/scsolutionsinc.com\/es\/wp-json\/wp\/v2\/media?parent=4176"}],"curies":[{"name":"wp","href":"https:\/\/api.w.org\/{rel}","templated":true}]}}